{"id":59,"date":"2014-04-27T18:46:26","date_gmt":"2014-04-27T16:46:26","guid":{"rendered":"http:\/\/dansmit.mensa.uberspace.de\/wordpress\/?page_id=59"},"modified":"2023-09-03T16:39:43","modified_gmt":"2023-09-03T14:39:43","slug":"ruderriege","status":"publish","type":"page","link":"https:\/\/ruderriege-mpg.de\/?page_id=59","title":{"rendered":"Ruderriege"},"content":{"rendered":"<h4>Die Geschichte der Ruderriege<\/h4>\n<p>Der Rudersport entstand Mitte des neunzehnten Jahrhunderts in England und setzte sich nach und nach auch in Deutschland durch. Dabei waren es vor allem Jugendliche besserer Herkunft, die diesen Sport aus\u00fcbten. So ist es nicht verwunderlich, dass schon fr\u00fch an vielen h\u00f6heren Schulen Ruderriegen gegr\u00fcndet wurden.<\/p>\n<p>Als 1899 der Dortmunder Hafen und der Dortmund-Ems-Kanal gebaut wurden, wurde die Ruderriege des damaligen Bismarck-Realgymnasiums gegr\u00fcndet. Sie ist damit die \u00e4lteste noch bestehende Ruderriege Dortmunds und auch nur ein Jahr j\u00fcnger als der 1898 gegr\u00fcndete Ruderclub Hansa Dortmund.<\/p>\n<p>Nach dem Krieg wurde aus dem Bismarck-Realgymnasium das <a href=\"http:\/\/mpg-dortmund.de\" target=\"_blank\" rel=\"noopener noreferrer\">Max-Planck-Gymnasium<\/a> der Stadt Dortmund. Seitdem hei\u00dft die Ruderriege offiziell &#8222;Ruderriege von 1899 am Max-Planck-Gymnasium Dortmund&#8220;. Dennoch zeugt das &#8222;B&#8220; in der Ruderriegen-Flagge noch vom alten Namen.<\/p>\n<h4>Die Ruderriege heute<\/h4>\n<p>Als aktivste unter den Dortmunder Sch\u00fclerruderriegen hat die Ruderriege am Max-Planck-Gymnasium einen festen Platz im st\u00e4dtischen Bootshaus am Dortmund-Ems-Kanal bei Kilometer 1,8. In drei Bootshallen liegen \u00fcber 30 Boote. Den gr\u00f6\u00dften Teil stellen dabei Wander- und Freizeitboote. \u00dcberhaupt spielt der Rennsport bei der Ruderriege nur eine untergeordnete Rolle. Stattdessen werden j\u00e4hrlich mehrere Wanderfahrten und Veranstaltungen durchgef\u00fchrt.<\/p>\n<p>Der verantwortliche Leiter der Ruderriege ist der <a href=\"http:\/\/ruderriege-mpg.de\/?page_id=68#protektor\">Protektor<\/a>. Er wird als Lehrer des Max-Planck-Gymnasiums von der Schulleitung mit der Leitung beauftragt. Zusammen mit den <a href=\"http:\/\/ruderriege-mpg.de\/?page_id=68#uebungsleiter\">\u00dcbungsleitern<\/a> organisiert er den Ruderbetrieb. Seit 1995 gibt es zudem einen Vorstand, der j\u00e4hrlich von den Mitgliedern auf der Jahreshauptversammlung gew\u00e4hlt wird und bei wichtigen Entscheidungen deren Interessen vertritt.<\/p>\n<p>Der <a href=\"http:\/\/ruderriege-mpg.de\/?page_id=68#vorstand\">Vorstand<\/a> besteht aus folgenden Vorstandsmitgliedern:<br \/>\nDie 1. Vorsitzende vertritt die Ruderriege und ist verantwortlich f\u00fcr die Vorstandsarbeit. Der 2. Vorsitzender vertritt und unterst\u00fctzt den 1. Vorsitzenden, \u00fcbernimmt dessen Aufgaben bei dessen Verhinderung und bearbeitet die Neuzug\u00e4nge. Die Ruderwartin tr\u00e4gt f\u00fcr den gesamten sportlichen Bereich die Verantwortung, beauftragt die Planung von Wanderfahrten und organisiert die Teilnahme an Regatten. Der Kassenwartinnen \u00fcberwachen die Beitragszahlungen und die sonstigen Ein- und Ausg\u00e4nge auf dem Riegenkonto und f\u00fchren ein Konto- und Kassenbuch \u00fcber s\u00e4mtliche Bewegungen. Der Schriftwart f\u00fchrt das Protokoll bei Sitzungen und Versammlungen, erledigt den anfallenden Schriftverkehr und ist f\u00fcr den <a href=\"http:\/\/ruderriege-mpg.de\/?page_id=110#remex\">Remex<\/a> (Zeitung der Ruderriege, die j\u00e4hrlich erscheint) verantwortlich.<\/p>\n","protected":false},"excerpt":{"rendered":"<p>Die Geschichte der Ruderriege Der Rudersport entstand Mitte des neunzehnten Jahrhunderts in England und setzte sich nach und nach auch in Deutschland durch. Dabei waren es vor allem Jugendliche besserer Herkunft, die diesen Sport aus\u00fcbten. So ist es nicht verwunderlich, dass schon fr\u00fch an vielen h\u00f6heren Schulen Ruderriegen gegr\u00fcndet wurden. Als 1899 der Dortmunder Hafen &#8230; <span class=\"more\"><a class=\"more-link\" href=\"https:\/\/ruderriege-mpg.de\/?page_id=59\">[Read more&#8230;]<\/a><\/span><\/p>\n","protected":false},"author":1,"featured_media":0,"parent":0,"menu_order":0,"comment_status":"closed","ping_status":"closed","template":"","meta":{"footnotes":""},"post_mailing_queue_ids":[],"_links":{"self":[{"href":"https:\/\/ruderriege-mpg.de\/index.php?rest_route=\/wp\/v2\/pages\/59"}],"collection":[{"href":"https:\/\/ruderriege-mpg.de\/index.php?rest_route=\/wp\/v2\/pages"}],"about":[{"href":"https:\/\/ruderriege-mpg.de\/index.php?rest_route=\/wp\/v2\/types\/page"}],"author":[{"embeddable":true,"href":"https:\/\/ruderriege-mpg.de\/index.php?rest_route=\/wp\/v2\/users\/1"}],"replies":[{"embeddable":true,"href":"https:\/\/ruderriege-mpg.de\/index.php?rest_route=%2Fwp%2Fv2%2Fcomments&post=59"}],"version-history":[{"count":16,"href":"https:\/\/ruderriege-mpg.de\/index.php?rest_route=\/wp\/v2\/pages\/59\/revisions"}],"predecessor-version":[{"id":2791,"href":"https:\/\/ruderriege-mpg.de\/index.php?rest_route=\/wp\/v2\/pages\/59\/revisions\/2791"}],"wp:attachment":[{"href":"https:\/\/ruderriege-mpg.de\/index.php?rest_route=%2Fwp%2Fv2%2Fmedia&parent=59"}],"curies":[{"name":"wp","href":"https:\/\/api.w.org\/{rel}","templated":true}]}}